{"id":134,"date":"2025-01-13T13:43:50","date_gmt":"2025-01-13T05:43:50","guid":{"rendered":"https:\/\/www.soaogroup.com\/?post_type=product&#038;p=134"},"modified":"2025-03-11T15:58:00","modified_gmt":"2025-03-11T07:58:00","slug":"cpd35-b-3-0-electric-forklift","status":"publish","type":"product","link":"https:\/\/www.soaogroup.com\/es\/producto\/cpd35-b-3-0-electric-forklift\/","title":{"rendered":"Carretilla elevadora el\u00e9ctrica CPD35-B 3.0"},"content":{"rendered":"<h2>Detalles del producto:<\/h2>\n<table class=\"tg\" style=\"border-collapse: collapse; border-spacing: 0;\">\n<thead>\n<tr>\n<th style=\"background-color: #cb0000; color: #ffffff; font-family: Arial, sans-serif; font-size: 14px; font-weight: bold; overflow: hidden; padding: 10px 5px; text-align: left; vertical-align: top; word-break: normal; border: 1px solid black;\"><span style=\"font-weight: 600;\">Art\u00edculo<\/span><\/th>\n<th style=\"background-color: #cb0000; color: #ffffff; font-family: Arial, sans-serif; font-size: 14px; font-weight: bold; overflow: hidden; padding: 10px 5px; text-align: left; vertical-align: top; word-break: normal; border: 1px solid black;\"><span style=\"font-weight: 600;\">HWD30-B<\/span><\/th>\n<th style=\"background-color: #cb0000; color: #ffffff; font-family: Arial, sans-serif; font-size: 14px; font-weight: bold; overflow: hidden; padding: 10px 5px; text-align: left; vertical-align: top; word-break: normal; border: 1px solid black;\"><span style=\"font-weight: 600;\">HWD35-B<\/span><\/th>\n<th style=\"background-color: #cb0000; color: #ffffff; font-family: Arial, sans-serif; font-size: 14px; font-weight: bold; overflow: hidden; padding: 10px 5px; text-align: left; vertical-align: top; word-break: normal; border: 1px solid black;\"><span style=\"font-weight: 600;\">HWD40-B<\/span><\/th>\n<th style=\"background-color: #cb0000; color: #ffffff; font-family: Arial, sans-serif; font-size: 14px; font-weight: bold; overflow: hidden; padding: 10px 5px; text-align: left; vertical-align: top; word-break: normal; border: 1px solid black;\"><span style=\"font-weight: 600;\">HW45-B<\/span><\/th>\n<\/tr>\n<\/thead>\n<tbody>\n<tr>\n<td style=\"background-color: #ffffff; color: #000000; font-family: Arial, sans-serif; font-size: 14px; overflow: hidden; padding: 10px 5px; text-align: left; vertical-align: top; word-break: normal; border: 1px solid black;\"><span style=\"font-weight: 400;\">Modo de conducci\u00f3n<\/span><\/td>\n<td style=\"background-color: #ffffff; color: #000000; font-family: Arial, sans-serif; font-size: 14px; overflow: hidden; padding: 10px 5px; text-align: left; vertical-align: top; word-break: normal; border: 1px solid black;\"><span style=\"font-weight: 400;\">Sentado<\/span><\/td>\n<td style=\"background-color: #ffffff; color: #000000; font-family: Arial, sans-serif; font-size: 14px; overflow: hidden; padding: 10px 5px; text-align: left; vertical-align: top; word-break: normal; border: 1px solid black;\"><span style=\"font-weight: 400;\">Sentado<\/span><\/td>\n<td style=\"background-color: #ffffff; color: #000000; font-family: Arial, sans-serif; font-size: 14px; overflow: hidden; padding: 10px 5px; text-align: left; vertical-align: top; word-break: normal; border: 1px solid black;\"><span style=\"font-weight: 400;\">Sentado<\/span><\/td>\n<td style=\"background-color: #ffffff; color: #000000; font-family: Arial, sans-serif; font-size: 14px; overflow: hidden; padding: 10px 5px; text-align: left; vertical-align: top; word-break: normal; border: 1px solid black;\"><span style=\"font-weight: 400;\">Sentado<\/span><\/td>\n<\/tr>\n<tr>\n<td style=\"background-color: #efefef; color: #000000; font-family: Arial, sans-serif; font-size: 14px; overflow: hidden; padding: 10px 5px; text-align: left; vertical-align: top; word-break: normal; border: 1px solid black;\"><span style=\"font-weight: 400;\">Capacidad de carga nominal<\/span><\/td>\n<td style=\"background-color: #efefef; color: #000000; font-family: Arial, sans-serif; font-size: 14px; overflow: hidden; padding: 10px 5px; text-align: left; vertical-align: top; word-break: normal; border: 1px solid black;\"><span style=\"font-weight: 400;\">3.000 kilos<\/span><\/td>\n<td style=\"background-color: #efefef; color: #000000; font-family: Arial, sans-serif; font-size: 14px; overflow: hidden; padding: 10px 5px; text-align: left; vertical-align: top; word-break: normal; border: 1px solid black;\"><span style=\"font-weight: 400;\">3.500 kilos<\/span><\/td>\n<td style=\"background-color: #efefef; color: #000000; font-family: Arial, sans-serif; font-size: 14px; overflow: hidden; padding: 10px 5px; text-align: left; vertical-align: top; word-break: normal; border: 1px solid black;\"><span style=\"font-weight: 400;\">4.000 kilos<\/span><\/td>\n<td style=\"background-color: #efefef; color: #000000; font-family: Arial, sans-serif; font-size: 14px; overflow: hidden; padding: 10px 5px; text-align: left; vertical-align: top; word-break: normal; border: 1px solid black;\"><span style=\"font-weight: 400;\">4.500 kilos<\/span><\/td>\n<\/tr>\n<tr>\n<td style=\"background-color: #ffffff; color: #000000; font-family: Arial, sans-serif; font-size: 14px; overflow: hidden; padding: 10px 5px; text-align: left; vertical-align: top; word-break: normal; border: 1px solid black;\"><span style=\"font-weight: 400;\">Altura m\u00e1xima de elevaci\u00f3n<\/span><\/td>\n<td style=\"background-color: #ffffff; color: #000000; font-family: Arial, sans-serif; font-size: 14px; overflow: hidden; padding: 10px 5px; text-align: left; vertical-align: top; word-break: normal; border: 1px solid black;\"><span style=\"font-weight: 400;\">3.000 mil\u00edmetros<\/span><\/td>\n<td style=\"background-color: #ffffff; color: #000000; font-family: Arial, sans-serif; font-size: 14px; overflow: hidden; padding: 10px 5px; text-align: left; vertical-align: top; word-break: normal; border: 1px solid black;\"><span style=\"font-weight: 400;\">3.000 mil\u00edmetros<\/span><\/td>\n<td style=\"background-color: #ffffff; color: #000000; font-family: Arial, sans-serif; font-size: 14px; overflow: hidden; padding: 10px 5px; text-align: left; vertical-align: top; word-break: normal; border: 1px solid black;\"><span style=\"font-weight: 400;\">3.000 mil\u00edmetros<\/span><\/td>\n<td style=\"background-color: #ffffff; color: #000000; font-family: Arial, sans-serif; font-size: 14px; overflow: hidden; padding: 10px 5px; text-align: left; vertical-align: top; word-break: normal; border: 1px solid black;\"><span style=\"font-weight: 400;\">3.000 mil\u00edmetros<\/span><\/td>\n<\/tr>\n<tr>\n<td style=\"background-color: #efefef; color: #000000; font-family: Arial, sans-serif; font-size: 14px; overflow: hidden; padding: 10px 5px; text-align: left; vertical-align: top; word-break: normal; border: 1px solid black;\"><span style=\"font-weight: 400;\">Tama\u00f1o de la horquilla<\/span><\/td>\n<td style=\"background-color: #efefef; color: #000000; font-family: Arial, sans-serif; font-size: 14px; overflow: hidden; padding: 10px 5px; text-align: left; vertical-align: top; word-break: normal; border: 1px solid black;\"><span style=\"font-weight: 400;\">45 * 130 * 1070 mil\u00edmetros<\/span><\/td>\n<td style=\"background-color: #efefef; color: #000000; font-family: Arial, sans-serif; font-size: 14px; overflow: hidden; padding: 10px 5px; text-align: left; vertical-align: top; word-break: normal; border: 1px solid black;\"><span style=\"font-weight: 400;\">45 * 140 * 1070 mil\u00edmetros<\/span><\/td>\n<td style=\"background-color: #efefef; color: #000000; font-family: Arial, sans-serif; font-size: 14px; overflow: hidden; padding: 10px 5px; text-align: left; vertical-align: top; word-break: normal; border: 1px solid black;\"><span style=\"font-weight: 400;\">50 * 145 * 1070 mil\u00edmetros<\/span><\/td>\n<td style=\"background-color: #efefef; color: #000000; font-family: Arial, sans-serif; font-size: 14px; overflow: hidden; padding: 10px 5px; text-align: left; vertical-align: top; word-break: normal; border: 1px solid black;\"><span style=\"font-weight: 400;\">50 * 150 * 1070 mil\u00edmetros<\/span><\/td>\n<\/tr>\n<tr>\n<td style=\"background-color: #ffffff; color: #000000; font-family: Arial, sans-serif; font-size: 14px; overflow: hidden; padding: 10px 5px; text-align: left; vertical-align: top; word-break: normal; border: 1px solid black;\"><span style=\"font-weight: 400;\">Voltaje de la bater\u00eda<\/span><\/td>\n<td style=\"background-color: #ffffff; color: #000000; font-family: Arial, sans-serif; font-size: 14px; overflow: hidden; padding: 10px 5px; text-align: left; vertical-align: top; word-break: normal; border: 1px solid black;\"><span style=\"font-weight: 400;\">80 V 300 Ah<\/span><\/td>\n<td style=\"background-color: #ffffff; color: #000000; font-family: Arial, sans-serif; font-size: 14px; overflow: hidden; padding: 10px 5px; text-align: left; vertical-align: top; word-break: normal; border: 1px solid black;\"><span style=\"font-weight: 400;\">80 V 300 Ah<\/span><\/td>\n<td style=\"background-color: #ffffff; color: #000000; font-family: Arial, sans-serif; font-size: 14px; overflow: hidden; padding: 10px 5px; text-align: left; vertical-align: top; word-break: normal; border: 1px solid black;\"><span style=\"font-weight: 400;\">80 V 300 Ah<\/span><\/td>\n<td style=\"background-color: #ffffff; color: #000000; font-family: Arial, sans-serif; font-size: 14px; overflow: hidden; padding: 10px 5px; text-align: left; vertical-align: top; word-break: normal; border: 1px solid black;\"><span style=\"font-weight: 400;\">80 V 1400 Ah<\/span><\/td>\n<\/tr>\n<tr>\n<td style=\"background-color: #efefef; color: #000000; font-family: Arial, sans-serif; font-size: 14px; overflow: hidden; padding: 10px 5px; text-align: left; vertical-align: top; word-break: normal; border: 1px solid black;\"><span style=\"font-weight: 400;\">Velocidad de viaje<\/span><\/td>\n<td style=\"background-color: #efefef; color: #000000; font-family: Arial, sans-serif; font-size: 14px; overflow: hidden; padding: 10px 5px; text-align: left; vertical-align: top; word-break: normal; border: 1px solid black;\"><span style=\"font-weight: 400;\">13 kWh<\/span><\/td>\n<td style=\"background-color: #efefef; color: #000000; font-family: Arial, sans-serif; font-size: 14px; overflow: hidden; padding: 10px 5px; text-align: left; vertical-align: top; word-break: normal; border: 1px solid black;\"><span style=\"font-weight: 400;\">13 kWh<\/span><\/td>\n<td style=\"background-color: #efefef; color: #000000; font-family: Arial, sans-serif; font-size: 14px; overflow: hidden; padding: 10px 5px; text-align: left; vertical-align: top; word-break: normal; border: 1px solid black;\"><span style=\"font-weight: 400;\">13 kWh<\/span><\/td>\n<td style=\"background-color: #efefef; color: #000000; font-family: Arial, sans-serif; font-size: 14px; overflow: hidden; padding: 10px 5px; text-align: left; vertical-align: top; word-break: normal; border: 1px solid black;\"><span style=\"font-weight: 400;\">13 kWh<\/span><\/td>\n<\/tr>\n<tr>\n<td style=\"background-color: #ffffff; color: #000000; font-family: Arial, sans-serif; font-size: 14px; overflow: hidden; padding: 10px 5px; text-align: left; vertical-align: top; word-break: normal; border: 1px solid black;\"><span style=\"font-weight: 400;\">Superabilidad<\/span><\/td>\n<td style=\"background-color: #ffffff; color: #000000; font-family: Arial, sans-serif; font-size: 14px; overflow: hidden; padding: 10px 5px; text-align: left; vertical-align: top; word-break: normal; border: 1px solid black;\"><span style=\"font-weight: 400;\">20\u00b0<\/span><\/td>\n<td style=\"background-color: #ffffff; color: #000000; font-family: Arial, sans-serif; font-size: 14px; overflow: hidden; padding: 10px 5px; text-align: left; vertical-align: top; word-break: normal; border: 1px solid black;\"><span style=\"font-weight: 400;\">20\u00b0<\/span><\/td>\n<td style=\"background-color: #ffffff; color: #000000; font-family: Arial, sans-serif; font-size: 14px; overflow: hidden; padding: 10px 5px; text-align: left; vertical-align: top; word-break: normal; border: 1px solid black;\"><span style=\"font-weight: 400;\">20\u00b0<\/span><\/td>\n<td style=\"background-color: #ffffff; color: #000000; font-family: Arial, sans-serif; font-size: 14px; overflow: hidden; padding: 10px 5px; text-align: left; vertical-align: top; word-break: normal; border: 1px solid black;\"><span style=\"font-weight: 400;\">20\u00b0<\/span><\/td>\n<\/tr>\n<tr>\n<td style=\"background-color: #efefef; color: #000000; font-family: Arial, sans-serif; font-size: 14px; overflow: hidden; padding: 10px 5px; text-align: left; vertical-align: top; word-break: normal; border: 1px solid black;\"><span style=\"font-weight: 400;\">Peso<\/span><\/td>\n<td style=\"background-color: #efefef; color: #000000; font-family: Arial, sans-serif; font-size: 14px; overflow: hidden; padding: 10px 5px; text-align: left; vertical-align: top; word-break: normal; border: 1px solid black;\"><span style=\"font-weight: 400;\">4.150 kilos<\/span><\/td>\n<td style=\"background-color: #efefef; color: #000000; font-family: Arial, sans-serif; font-size: 14px; overflow: hidden; padding: 10px 5px; text-align: left; vertical-align: top; word-break: normal; border: 1px solid black;\"><span style=\"font-weight: 400;\">4.400 kilos<\/span><\/td>\n<td style=\"background-color: #efefef; color: #000000; font-family: Arial, sans-serif; font-size: 14px; overflow: hidden; padding: 10px 5px; text-align: left; vertical-align: top; word-break: normal; border: 1px solid black;\"><span style=\"font-weight: 400;\">6.660 kilos<\/span><\/td>\n<td style=\"background-color: #efefef; color: #000000; font-family: Arial, sans-serif; font-size: 14px; overflow: hidden; padding: 10px 5px; text-align: left; vertical-align: top; word-break: normal; border: 1px solid black;\"><span style=\"font-weight: 400;\">6.850 kilos<\/span><\/td>\n<\/tr>\n<tr>\n<td style=\"background-color: #ffffff; color: #000000; font-family: Arial, sans-serif; font-size: 14px; overflow: hidden; padding: 10px 5px; text-align: left; vertical-align: top; word-break: normal; border: 1px solid black;\"><span style=\"font-weight: 400;\">Dimensiones<\/span><\/td>\n<td style=\"background-color: #ffffff; color: #000000; font-family: Arial, sans-serif; font-size: 14px; overflow: hidden; padding: 10px 5px; text-align: left; vertical-align: top; word-break: normal; border: 1px solid black;\"><span style=\"font-weight: 400;\">2.600 * 1225 * 2200 mil\u00edmetros<\/span><\/td>\n<td style=\"background-color: #ffffff; color: #000000; font-family: Arial, sans-serif; font-size: 14px; overflow: hidden; padding: 10px 5px; text-align: left; vertical-align: top; word-break: normal; border: 1px solid black;\"><span style=\"font-weight: 400;\">2.600 * 1225 * 2200 mil\u00edmetros<\/span><\/td>\n<td style=\"background-color: #ffffff; color: #000000; font-family: Arial, sans-serif; font-size: 14px; overflow: hidden; padding: 10px 5px; text-align: left; vertical-align: top; word-break: normal; border: 1px solid black;\"><span style=\"font-weight: 400;\">2.990 * 1585 * 2350 mil\u00edmetros<\/span><\/td>\n<td style=\"background-color: #ffffff; color: #000000; font-family: Arial, sans-serif; font-size: 14px; overflow: hidden; padding: 10px 5px; text-align: left; vertical-align: top; word-break: normal; border: 1px solid black;\"><span style=\"font-weight: 400;\">2.990 * 1585 * 2350 mil\u00edmetros<\/span><\/td>\n<\/tr>\n<\/tbody>\n<\/table>\n<h2><img fetchpriority=\"high\" decoding=\"async\" class=\"alignnone size-full wp-image-140\" src=\"https:\/\/www.soaogroup.com\/wp-content\/uploads\/2025\/01\/\u672a\u547d\u540d_\u55e8\u683c\u5f0f\u538b\u7f29\u526f\u672c_\u7ed3\u679c-1.webp\" alt=\"\" width=\"2250\" height=\"750\" srcset=\"https:\/\/www.soaogroup.com\/wp-content\/uploads\/2025\/01\/\u672a\u547d\u540d_\u55e8\u683c\u5f0f\u538b\u7f29\u526f\u672c_\u7ed3\u679c-1.webp 2250w, https:\/\/www.soaogroup.com\/wp-content\/uploads\/2025\/01\/\u672a\u547d\u540d_\u55e8\u683c\u5f0f\u538b\u7f29\u526f\u672c_\u7ed3\u679c-1-600x200.webp 600w, https:\/\/www.soaogroup.com\/wp-content\/uploads\/2025\/01\/\u672a\u547d\u540d_\u55e8\u683c\u5f0f\u538b\u7f29\u526f\u672c_\u7ed3\u679c-1-300x100.webp 300w, https:\/\/www.soaogroup.com\/wp-content\/uploads\/2025\/01\/\u672a\u547d\u540d_\u55e8\u683c\u5f0f\u538b\u7f29\u526f\u672c_\u7ed3\u679c-1-1024x341.webp 1024w, https:\/\/www.soaogroup.com\/wp-content\/uploads\/2025\/01\/\u672a\u547d\u540d_\u55e8\u683c\u5f0f\u538b\u7f29\u526f\u672c_\u7ed3\u679c-1-768x256.webp 768w, https:\/\/www.soaogroup.com\/wp-content\/uploads\/2025\/01\/\u672a\u547d\u540d_\u55e8\u683c\u5f0f\u538b\u7f29\u526f\u672c_\u7ed3\u679c-1-1536x512.webp 1536w, https:\/\/www.soaogroup.com\/wp-content\/uploads\/2025\/01\/\u672a\u547d\u540d_\u55e8\u683c\u5f0f\u538b\u7f29\u526f\u672c_\u7ed3\u679c-1-2048x683.webp 2048w\" sizes=\"(max-width: 2250px) 100vw, 2250px\" \/>Caracter\u00edsticas del producto:<\/h2>\n<h3>Alta capacidad de carga:<\/h3>\n<p>Con una capacidad nominal de 3,5 toneladas, puede manejar cargas relativamente pesadas, lo que lo hace adecuado para transportar art\u00edculos voluminosos como piezas de maquinaria grandes, materias primas industriales o paletas completas de mercanc\u00eda en almacenes y f\u00e1bricas.<\/p>\n<h3>Operaci\u00f3n de elevaci\u00f3n estable:<\/h3>\n<p>Est\u00e1 dise\u00f1ado con un sistema de m\u00e1stil confiable. Esto permite una elevaci\u00f3n estable y precisa, lo que reduce el riesgo de que las mercanc\u00edas se desplacen o vuelquen durante el proceso de elevaci\u00f3n, lo cual es crucial cuando se trabaja con estanter\u00edas de almacenamiento altas.<\/p>\n<h3><img decoding=\"async\" class=\"size-full wp-image-141 alignright\" src=\"https:\/\/www.soaogroup.com\/wp-content\/uploads\/2025\/01\/IMG_E4455_\u55e8\u683c\u5f0f\u538b\u7f29\u526f\u672c.png\" alt=\"\" width=\"800\" height=\"800\" srcset=\"https:\/\/www.soaogroup.com\/wp-content\/uploads\/2025\/01\/IMG_E4455_\u55e8\u683c\u5f0f\u538b\u7f29\u526f\u672c.png 800w, https:\/\/www.soaogroup.com\/wp-content\/uploads\/2025\/01\/IMG_E4455_\u55e8\u683c\u5f0f\u538b\u7f29\u526f\u672c-300x300.png 300w, https:\/\/www.soaogroup.com\/wp-content\/uploads\/2025\/01\/IMG_E4455_\u55e8\u683c\u5f0f\u538b\u7f29\u526f\u672c-100x100.png 100w, https:\/\/www.soaogroup.com\/wp-content\/uploads\/2025\/01\/IMG_E4455_\u55e8\u683c\u5f0f\u538b\u7f29\u526f\u672c-600x600.png 600w, https:\/\/www.soaogroup.com\/wp-content\/uploads\/2025\/01\/IMG_E4455_\u55e8\u683c\u5f0f\u538b\u7f29\u526f\u672c-150x150.png 150w, https:\/\/www.soaogroup.com\/wp-content\/uploads\/2025\/01\/IMG_E4455_\u55e8\u683c\u5f0f\u538b\u7f29\u526f\u672c-768x768.png 768w\" sizes=\"(max-width: 800px) 100vw, 800px\" \/><\/h3>\n<h3>Respetuoso del medio ambiente:<\/h3>\n<p>Al funcionar con electricidad, no emite gases de escape nocivos, lo que no solo mantiene limpio el aire interior de los almacenes, sino que tambi\u00e9n contribuye a un entorno de trabajo m\u00e1s ecol\u00f3gico, en consonancia con los objetivos de sostenibilidad modernos.<\/p>\n<h3>Maniobrabilidad:<\/h3>\n<p>Es probable que la carretilla elevadora tenga un dise\u00f1o compacto, lo que le proporciona un radio de giro peque\u00f1o. Esta caracter\u00edstica permite a los operadores desplazarse por pasillos estrechos del almac\u00e9n con facilidad, optimizando as\u00ed la utilizaci\u00f3n del espacio de almacenamiento.<\/p>\n<h3>Comodidad del operador:<\/h3>\n<p>La cabina del operador est\u00e1 dise\u00f1ada siguiendo principios ergon\u00f3micos. Puede tener un asiento ajustable, controles bien ubicados y buena visibilidad, lo que minimiza la fatiga del operador durante largas horas de trabajo.<\/p>\n<h3>Fuente de alimentaci\u00f3n confiable:<\/h3>\n<p>Equipado con un sistema de bater\u00eda adecuado, puede ofrecer energ\u00eda constante. Esto garantiza un funcionamiento continuo durante todo el turno de trabajo, lo que reduce el tiempo de inactividad para recargar y mejora la productividad general.<\/p>\n<h3>Caracter\u00edsticas de seguridad:<\/h3>\n<p>Viene con dispositivos de seguridad est\u00e1ndar, como botones de parada de emergencia y sensores de detecci\u00f3n de obst\u00e1culos, que protegen al operador, a la carretilla elevadora y a las mercanc\u00edas circundantes de posibles accidentes.<\/p>\n<h2><img decoding=\"async\" class=\"alignnone size-full wp-image-139\" src=\"https:\/\/www.soaogroup.com\/wp-content\/uploads\/2025\/01\/\u00b7_\u55e8\u683c\u5f0f\u538b\u7f29\u526f\u672c_\u7ed3\u679c.webp\" alt=\"\" width=\"2250\" height=\"750\" srcset=\"https:\/\/www.soaogroup.com\/wp-content\/uploads\/2025\/01\/\u00b7_\u55e8\u683c\u5f0f\u538b\u7f29\u526f\u672c_\u7ed3\u679c.webp 2250w, https:\/\/www.soaogroup.com\/wp-content\/uploads\/2025\/01\/\u00b7_\u55e8\u683c\u5f0f\u538b\u7f29\u526f\u672c_\u7ed3\u679c-600x200.webp 600w, https:\/\/www.soaogroup.com\/wp-content\/uploads\/2025\/01\/\u00b7_\u55e8\u683c\u5f0f\u538b\u7f29\u526f\u672c_\u7ed3\u679c-300x100.webp 300w, https:\/\/www.soaogroup.com\/wp-content\/uploads\/2025\/01\/\u00b7_\u55e8\u683c\u5f0f\u538b\u7f29\u526f\u672c_\u7ed3\u679c-1024x341.webp 1024w, https:\/\/www.soaogroup.com\/wp-content\/uploads\/2025\/01\/\u00b7_\u55e8\u683c\u5f0f\u538b\u7f29\u526f\u672c_\u7ed3\u679c-768x256.webp 768w, https:\/\/www.soaogroup.com\/wp-content\/uploads\/2025\/01\/\u00b7_\u55e8\u683c\u5f0f\u538b\u7f29\u526f\u672c_\u7ed3\u679c-1536x512.webp 1536w, https:\/\/www.soaogroup.com\/wp-content\/uploads\/2025\/01\/\u00b7_\u55e8\u683c\u5f0f\u538b\u7f29\u526f\u672c_\u7ed3\u679c-2048x683.webp 2048w\" sizes=\"(max-width: 2250px) 100vw, 2250px\" \/>Solicitud:<\/h2>\n<p>La carretilla elevadora el\u00e9ctrica CPD35-B de 3,0 T es muy adaptable a m\u00faltiples industrias. En grandes almacenes, destaca por su capacidad para manipular pal\u00e9s completos de bienes de consumo, desde productos electr\u00f3nicos hasta ropa. Su capacidad de 3,5 toneladas implica menos viajes, lo que aumenta la eficiencia. Las plantas de fabricaci\u00f3n conf\u00edan en ella para transportar materias primas pesadas, como barras de metal y moldes de pl\u00e1stico grandes, y se desplaza sin problemas por espacios reducidos de f\u00e1brica. En el sector de alimentos y bebidas, es una excelente opci\u00f3n para mover cajas de productos agr\u00edcolas o bebidas embotelladas, ya que su funcionamiento sin emisiones mantiene las \u00e1reas de almacenamiento higi\u00e9nicas. Las instalaciones de almacenamiento en fr\u00edo tambi\u00e9n se benefician; funciona bien a bajas temperaturas, lo que garantiza una gesti\u00f3n perfecta del inventario de productos congelados.<\/p>","protected":false},"excerpt":{"rendered":"<h4 class=\"elementor-heading-title elementor-size-default\" style=\"text-align: center; padding-bottom: 30px;\">Carretilla elevadora el\u00e9ctrica CPD35-B 3.0<\/h4>\n<div>La carretilla elevadora el\u00e9ctrica CPD35-B 3.0 es una soluci\u00f3n de almacenamiento confiable. Con una capacidad de carga de 3,5 toneladas, puede manipular mercanc\u00edas pesadas. Funciona con electricidad y no emite gases de escape, por lo que es adecuada para uso en interiores. Su dise\u00f1o compacto permite maniobrar f\u00e1cilmente en pasillos estrechos y sus caracter\u00edsticas ergon\u00f3micas ofrecen comodidad a los operadores, lo que mejora la eficiencia general del trabajo.<\/div>\n<div><\/div>\n<div>\n<hr class=\"dongte456custom-line\" \/>\n<\/div>\n<div style=\"padding-bottom: 5px;\">Categor\u00eda: Carretilla elevadora el\u00e9ctrica CPD35-B 3.0<\/div>\n<div>Palabra clave: Carretilla elevadora el\u00e9ctrica CPD35-B 3.0<\/div>\n<div>\n<hr \/>\n<\/div>\n<p><img loading=\"lazy\" decoding=\"async\" class=\"alignnone wp-image-257\" src=\"https:\/\/www.soaogroup.com\/wp-content\/uploads\/2025\/02\/\u672a\u6807\u9898-2.jpg\" alt=\"\" width=\"48\" height=\"50\" \/>\u00a0 Whatsapp :<a href=\"https:\/\/api.whatsapp.com\/send?phone=8613395319660\" target=\"_blank\" rel=\"noopener\">\u00a0+8613395319660 <\/a><\/p>\n<div>\n<hr \/>\n<\/div>\n<p><img loading=\"lazy\" decoding=\"async\" class=\"alignnone wp-image-258\" src=\"https:\/\/www.soaogroup.com\/wp-content\/uploads\/2025\/02\/emaillogoblue.jpg\" alt=\"\" width=\"48\" height=\"55\" \/>\u00a0\u00a0Correo electr\u00f3nico : <a href=\"mailto:sales@sdsoao.com\" target=\"_blank\" rel=\"noopener\">\u00a0ventas@sdsoao.com<\/a><\/p>\n<div>\n<hr \/>\n<\/div>\n<h3><\/h3>\n<div><\/div>","protected":false},"featured_media":135,"comment_status":"open","ping_status":"closed","template":"","meta":[],"product_brand":[],"product_cat":[17,16],"product_tag":[],"class_list":{"0":"post-134","1":"product","2":"type-product","3":"status-publish","4":"has-post-thumbnail","6":"product_cat-electric-forklift","7":"product_cat-forklift","9":"first","10":"instock","11":"shipping-taxable","12":"product-type-simple"},"_links":{"self":[{"href":"https:\/\/www.soaogroup.com\/es\/wp-json\/wp\/v2\/product\/134","targetHints":{"allow":["GET"]}}],"collection":[{"href":"https:\/\/www.soaogroup.com\/es\/wp-json\/wp\/v2\/product"}],"about":[{"href":"https:\/\/www.soaogroup.com\/es\/wp-json\/wp\/v2\/types\/product"}],"replies":[{"embeddable":true,"href":"https:\/\/www.soaogroup.com\/es\/wp-json\/wp\/v2\/comments?post=134"}],"wp:featuredmedia":[{"embeddable":true,"href":"https:\/\/www.soaogroup.com\/es\/wp-json\/wp\/v2\/media\/135"}],"wp:attachment":[{"href":"https:\/\/www.soaogroup.com\/es\/wp-json\/wp\/v2\/media?parent=134"}],"wp:term":[{"taxonomy":"product_brand","embeddable":true,"href":"https:\/\/www.soaogroup.com\/es\/wp-json\/wp\/v2\/product_brand?post=134"},{"taxonomy":"product_cat","embeddable":true,"href":"https:\/\/www.soaogroup.com\/es\/wp-json\/wp\/v2\/product_cat?post=134"},{"taxonomy":"product_tag","embeddable":true,"href":"https:\/\/www.soaogroup.com\/es\/wp-json\/wp\/v2\/product_tag?post=134"}],"curies":[{"name":"wp","href":"https:\/\/api.w.org\/{rel}","templated":true}]}}